{"id":3693,"date":"2024-11-20T15:39:44","date_gmt":"2024-11-20T12:39:44","guid":{"rendered":"https:\/\/ersgroupaluminyum.com.tr\/?page_id=3693"},"modified":"2024-11-20T15:41:18","modified_gmt":"2024-11-20T12:41:18","slug":"devam-eden-projeler","status":"publish","type":"page","link":"https:\/\/ersgroupaluminyum.com.tr\/index.php\/devam-eden-projeler\/","title":{"rendered":"Devam Eden Projeler"},"content":{"rendered":"\t\t<div data-elementor-type=\"wp-page\" data-elementor-id=\"3693\" class=\"elementor elementor-3693\">\n\t\t\t\t<div class=\"elementor-element elementor-element-8d99935 e-flex e-con-boxed e-con e-parent\" data-id=\"8d99935\" data-element_type=\"container\">\n\t\t\t\t\t<div class=\"e-con-inner\">\n\t\t\t\t<div class=\"elementor-element elementor-element-ec54597 elementor-widget elementor-widget-konstic-project-grid-widget\" data-id=\"ec54597\" data-element_type=\"widget\" data-widget_type=\"konstic-project-grid-widget.default\">\n\t\t\t\t<div class=\"elementor-widget-container\">\n\t\t\t\r\n\r\n\t <script>\r\n jQuery(document).ready(function($) {\r\n\r\n\/\/ js code start\r\n\r\nif($(\".project-slider\").length > 0) {\r\n\tconst projectSlider = new Swiper(\".project-slider\", {\r\n\t\tspaceBetween: 30,\r\n\t\tspeed: 2000,\r\n\t\tloop: true,\r\n\t\tcenteredSlides: true,\r\n\t\tautoplay: {\r\n\t\t\tdelay: 2000,\r\n\t\t\tdisableOnInteraction: false,\r\n\t\t},\r\n\t\tpagination: {\r\n\t\t\tel: \".project-dot\",\r\n\t\t},\r\n\t\tbreakpoints: {\r\n\t\t\t1199: {\r\n\t\t\t\tslidesPerView: 3,\r\n\t\t\t},\r\n\t\t\t991: {\r\n\t\t\t\tslidesPerView: 2,\r\n\t\t\t},\r\n\t\t\t767: {\r\n\t\t\t\tslidesPerView: 2,\r\n\t\t\t},\r\n\t\t\t575: {\r\n\t\t\t\tslidesPerView: 1,\r\n\t\t\t},\r\n\t\t\t0: {\r\n\t\t\t\tslidesPerView: 1,\r\n\t\t\t},\r\n\t\t},\r\n\t});\r\n}\r\n\r\n\/\/ js code end \r\n\r\n  });\r\n<\/script>\r\n\t\r\n\r\n\t\t<div class=\"row g-4\">\r\n\t\t\t\t\r\n\t\t\t<div class=\"col-xl-4 col-lg-6 col-md-6\">\r\n\t\t\t\t<div class=\"project-card-items\">\r\n\t\t\t\t\t<div class=\"project-image\">\r\n\t\t\t\t\t\t<img decoding=\"async\" src=\"https:\/\/ersgroupaluminyum.com.tr\/wp-content\/uploads\/2024\/10\/Black-and-Grey-Minimalist-Portfolio-Cover-Page-3.png\" alt=\"img\">\r\n\t\t\t\t\t\t<img decoding=\"async\" src=\"https:\/\/ersgroupaluminyum.com.tr\/wp-content\/uploads\/2024\/10\/Black-and-Grey-Minimalist-Portfolio-Cover-Page-3.png\" alt=\"img\">\r\n\t\t\t\t\t<\/div>\r\n\t\t\t\t\t<div class=\"project-content\">\r\n\t\t\t\t\t\t<h3><a href=\"https:\/\/ersgroupaluminyum.com.tr\/index.php\/all-project\/gurok-konutlari-proje\/\">G\u00fcrok Konutlar\u0131<\/a><\/h3>\r\n\t\t\t\t\t\t<p>\r\n\t\t\t\t\t\t\t\t\t\t\t\t\t<\/p>\r\n\t\t\t\t\t\t<a href=\"https:\/\/ersgroupaluminyum.com.tr\/index.php\/all-project\/gurok-konutlari-proje\/\" class=\"theme-btn mt-3 wow fadeInUp\" data-wow-delay=\".3s\">\u0130ncele <i class=\"fa-regular fa-arrow-right\"><\/i><\/a>\r\n\t\t\t\t\t<\/div>\r\n\t\t\t\t\t<div class=\"shape-img\">\r\n\t\t\t\t\t\t\t\t\t\t\t<img decoding=\"async\" src=\"https:\/\/ersgroupaluminyum.com.tr\/wp-content\/uploads\/2024\/08\/shape-left.png\" alt=\"\">\r\n\t\t\t\t\t\t\t\t\t\t<\/div>\t\t\t\t\t\r\n\t\t\t\t<\/div>\r\n\t\t\t<\/div>\r\n\t\t\t\t\r\n\t\t\t<div class=\"col-xl-4 col-lg-6 col-md-6\">\r\n\t\t\t\t<div class=\"project-card-items\">\r\n\t\t\t\t\t<div class=\"project-image\">\r\n\t\t\t\t\t\t<img decoding=\"async\" src=\"https:\/\/ersgroupaluminyum.com.tr\/wp-content\/uploads\/2024\/10\/Black-and-Grey-Minimalist-Portfolio-Cover-Page-7.png\" alt=\"img\">\r\n\t\t\t\t\t\t<img decoding=\"async\" src=\"https:\/\/ersgroupaluminyum.com.tr\/wp-content\/uploads\/2024\/10\/Black-and-Grey-Minimalist-Portfolio-Cover-Page-7.png\" alt=\"img\">\r\n\t\t\t\t\t<\/div>\r\n\t\t\t\t\t<div class=\"project-content\">\r\n\t\t\t\t\t\t<h3><a href=\"https:\/\/ersgroupaluminyum.com.tr\/index.php\/all-project\/artmia-homes-projesi\/\">Artmia Homes<\/a><\/h3>\r\n\t\t\t\t\t\t<p>\r\n\t\t\t\t\t\t\t\t\t\t\t\t\t<\/p>\r\n\t\t\t\t\t\t<a href=\"https:\/\/ersgroupaluminyum.com.tr\/index.php\/all-project\/artmia-homes-projesi\/\" class=\"theme-btn mt-3 wow fadeInUp\" data-wow-delay=\".3s\">\u0130ncele <i class=\"fa-regular fa-arrow-right\"><\/i><\/a>\r\n\t\t\t\t\t<\/div>\r\n\t\t\t\t\t<div class=\"shape-img\">\r\n\t\t\t\t\t\t\t\t\t\t<\/div>\t\t\t\t\t\r\n\t\t\t\t<\/div>\r\n\t\t\t<\/div>\r\n\t\t\t\t\r\n\t\t\t<div class=\"col-xl-4 col-lg-6 col-md-6\">\r\n\t\t\t\t<div class=\"project-card-items\">\r\n\t\t\t\t\t<div class=\"project-image\">\r\n\t\t\t\t\t\t<img decoding=\"async\" src=\"https:\/\/ersgroupaluminyum.com.tr\/wp-content\/uploads\/2024\/10\/Black-and-Grey-Minimalist-Portfolio-Cover-Page-10.png\" alt=\"img\">\r\n\t\t\t\t\t\t<img decoding=\"async\" src=\"https:\/\/ersgroupaluminyum.com.tr\/wp-content\/uploads\/2024\/10\/Black-and-Grey-Minimalist-Portfolio-Cover-Page-10.png\" alt=\"img\">\r\n\t\t\t\t\t<\/div>\r\n\t\t\t\t\t<div class=\"project-content\">\r\n\t\t\t\t\t\t<h3><a href=\"https:\/\/ersgroupaluminyum.com.tr\/index.php\/all-project\/yakamoz-evleri-satis-ofisi-didim\/\">Yakamoz Villa Didim<\/a><\/h3>\r\n\t\t\t\t\t\t<p>\r\n\t\t\t\t\t\t\t\t\t\t\t\t\t<\/p>\r\n\t\t\t\t\t\t<a href=\"https:\/\/ersgroupaluminyum.com.tr\/index.php\/all-project\/yakamoz-evleri-satis-ofisi-didim\/\" class=\"theme-btn mt-3 wow fadeInUp\" data-wow-delay=\".3s\">\u0130ncele <i class=\"fa-regular fa-arrow-right\"><\/i><\/a>\r\n\t\t\t\t\t<\/div>\r\n\t\t\t\t\t<div class=\"shape-img\">\r\n\t\t\t\t\t\t\t\t\t\t<\/div>\t\t\t\t\t\r\n\t\t\t\t<\/div>\r\n\t\t\t<\/div>\r\n\t\t\t\t\r\n\t\t\t<div class=\"col-xl-4 col-lg-6 col-md-6\">\r\n\t\t\t\t<div class=\"project-card-items\">\r\n\t\t\t\t\t<div class=\"project-image\">\r\n\t\t\t\t\t\t<img decoding=\"async\" src=\"\" alt=\"img\">\r\n\t\t\t\t\t\t<img decoding=\"async\" src=\"\" alt=\"img\">\r\n\t\t\t\t\t<\/div>\r\n\t\t\t\t\t<div class=\"project-content\">\r\n\t\t\t\t\t\t<h3><a href=\"\">Maldivler <\/a><\/h3>\r\n\t\t\t\t\t\t<p>\r\n\t\t\t\t\t\t\t\t\t\t\t\t\t<\/p>\r\n\t\t\t\t\t\t<a href=\"\" class=\"theme-btn mt-3 wow fadeInUp\" data-wow-delay=\".3s\">Read More <i class=\"fa-regular fa-arrow-right\"><\/i><\/a>\r\n\t\t\t\t\t<\/div>\r\n\t\t\t\t\t<div class=\"shape-img\">\r\n\t\t\t\t\t\t\t\t\t\t<\/div>\t\t\t\t\t\r\n\t\t\t\t<\/div>\r\n\t\t\t<\/div>\r\n\t\t\t\t\t<\/div>\r\n\r\n\t\t\t\r\n\r\n             \r\n\t\t\t\t<\/div>\n\t\t\t\t<\/div>\n\t\t\t\t\t<\/div>\n\t\t\t\t<\/div>\n\t\t\t\t<\/div>\n\t\t","protected":false},"excerpt":{"rendered":"<p>G\u00fcrok Konutlar\u0131 \u0130ncele Artmia Homes \u0130ncele Yakamoz Villa Didim \u0130ncele Maldivler Read More<\/p>\n","protected":false},"author":1,"featured_media":0,"parent":0,"menu_order":0,"comment_status":"closed","ping_status":"closed","template":"elementor_header_footer","meta":{"inline_featured_image":false,"footnotes":""},"class_list":["post-3693","page","type-page","status-publish","hentry"],"_links":{"self":[{"href":"https:\/\/ersgroupaluminyum.com.tr\/index.php\/wp-json\/wp\/v2\/pages\/3693","targetHints":{"allow":["GET"]}}],"collection":[{"href":"https:\/\/ersgroupaluminyum.com.tr\/index.php\/wp-json\/wp\/v2\/pages"}],"about":[{"href":"https:\/\/ersgroupaluminyum.com.tr\/index.php\/wp-json\/wp\/v2\/types\/page"}],"author":[{"embeddable":true,"href":"https:\/\/ersgroupaluminyum.com.tr\/index.php\/wp-json\/wp\/v2\/users\/1"}],"replies":[{"embeddable":true,"href":"https:\/\/ersgroupaluminyum.com.tr\/index.php\/wp-json\/wp\/v2\/comments?post=3693"}],"version-history":[{"count":7,"href":"https:\/\/ersgroupaluminyum.com.tr\/index.php\/wp-json\/wp\/v2\/pages\/3693\/revisions"}],"predecessor-version":[{"id":3700,"href":"https:\/\/ersgroupaluminyum.com.tr\/index.php\/wp-json\/wp\/v2\/pages\/3693\/revisions\/3700"}],"wp:attachment":[{"href":"https:\/\/ersgroupaluminyum.com.tr\/index.php\/wp-json\/wp\/v2\/media?parent=3693"}],"curies":[{"name":"wp","href":"https:\/\/api.w.org\/{rel}","templated":true}]}}