{"id":1063,"date":"2024-08-14T11:41:43","date_gmt":"2024-08-14T11:41:43","guid":{"rendered":"https:\/\/gramentheme.com\/wp\/xbuild\/?page_id=1063"},"modified":"2024-11-22T16:19:51","modified_gmt":"2024-11-22T13:19:51","slug":"hakkimizda","status":"publish","type":"page","link":"https:\/\/ersgroupaluminyum.com.tr\/index.php\/hakkimizda\/","title":{"rendered":"Hakk\u0131m\u0131zda"},"content":{"rendered":"\t\t<div data-elementor-type=\"wp-page\" data-elementor-id=\"1063\" class=\"elementor elementor-1063\">\n\t\t\t\t<div class=\"elementor-element elementor-element-1b1b199 e-con-full e-flex e-con e-parent\" data-id=\"1b1b199\" data-element_type=\"container\">\n\t\t\t\t<div class=\"elementor-element elementor-element-6bdc695 elementor-widget elementor-widget-image\" data-id=\"6bdc695\" data-element_type=\"widget\" data-widget_type=\"image.default\">\n\t\t\t\t<div class=\"elementor-widget-container\">\n\t\t\t\t\t\t\t\t\t\t\t\t\t<img fetchpriority=\"high\" decoding=\"async\" width=\"2560\" height=\"1696\" src=\"https:\/\/ersgroupaluminyum.com.tr\/wp-content\/uploads\/2024\/11\/hakkmzd--scaled.jpg\" class=\"attachment-full size-full wp-image-3489\" alt=\"\" srcset=\"https:\/\/ersgroupaluminyum.com.tr\/wp-content\/uploads\/2024\/11\/hakkmzd--scaled.jpg 2560w, https:\/\/ersgroupaluminyum.com.tr\/wp-content\/uploads\/2024\/11\/hakkmzd--300x199.jpg 300w, https:\/\/ersgroupaluminyum.com.tr\/wp-content\/uploads\/2024\/11\/hakkmzd--1024x678.jpg 1024w, https:\/\/ersgroupaluminyum.com.tr\/wp-content\/uploads\/2024\/11\/hakkmzd--768x509.jpg 768w, https:\/\/ersgroupaluminyum.com.tr\/wp-content\/uploads\/2024\/11\/hakkmzd--1536x1018.jpg 1536w, https:\/\/ersgroupaluminyum.com.tr\/wp-content\/uploads\/2024\/11\/hakkmzd--2048x1357.jpg 2048w\" sizes=\"(max-width: 2560px) 100vw, 2560px\" \/>\t\t\t\t\t\t\t\t\t\t\t\t\t<\/div>\n\t\t\t\t<\/div>\n\t\t\t\t<\/div>\n\t\t<div class=\"elementor-element elementor-element-a05a0d6 e-con-full e-flex e-con e-parent\" data-id=\"a05a0d6\" data-element_type=\"container\" data-settings=\"{&quot;background_background&quot;:&quot;classic&quot;}\">\n\t\t\t\t<div class=\"elementor-element elementor-element-8ef8240 elementor-widget elementor-widget-konstic-testimonials-widget\" data-id=\"8ef8240\" data-element_type=\"widget\" data-widget_type=\"konstic-testimonials-widget.default\">\n\t\t\t\t<div class=\"elementor-widget-container\">\n\t\t\t\r\n\r\n\t <script>\r\n jQuery(document).ready(function($) {\r\n\r\n\/\/ js code start\r\n\r\nif($(\".testimonial-slider\").length > 0) {\r\n\tconst testimonialSlider = new Swiper(\".testimonial-slider\", {\r\n\t\tspaceBetween: 30,\r\n\t\tspeed: 2000,\r\n\t\tloop: true,\r\n\t\tautoplay: {\r\n\t\t\tdelay: 2000,\r\n\t\t\tdisableOnInteraction: false,\r\n\t\t},\r\n\t\tnavigation: {\r\n\t\t\tnextEl: \".array-prev\",\r\n\t\t\tprevEl: \".array-next\",\r\n\t\t},\r\n\t});\r\n}\r\n\r\n if($(\".testimonial-slider-2\").length > 0) {\r\n\tconst testimonialSlider2 = new Swiper(\".testimonial-slider-2\", {\r\n\t\tspaceBetween: 30,\r\n\t\tspeed: 2000,\r\n\t\tloop: true,\r\n\t\tautoplay: {\r\n\t\t\tdelay: 2000,\r\n\t\t\tdisableOnInteraction: false,\r\n\t\t},\r\n\t\tnavigation: {\r\n\t\t\tnextEl: \".array-prev\",\r\n\t\t\tprevEl: \".array-next\",\r\n\t\t},\r\n\t\tbreakpoints: {\r\n\t\t\t991: {\r\n\t\t\t\tslidesPerView: 2,\r\n\t\t\t},\r\n\t\t\t767: {\r\n\t\t\t\tslidesPerView: 1,\r\n\t\t\t},\r\n\t\t\t575: {\r\n\t\t\t\tslidesPerView: 1,\r\n\t\t\t},\r\n\t\t\t0: {\r\n\t\t\t\tslidesPerView: 1,\r\n\t\t\t},\r\n\t\t},\r\n\t});\r\n}\r\n\r\n\/\/ js code end \r\n\r\n  });\r\n<\/script>\r\n\t\r\n\r\n\t<section class=\"testimonial-section fix section-padding\">\r\n\t\t<div class=\"arrow-shape\">\r\n\t\t   \r\n\t\t\t<img decoding=\"async\" src=\"https:\/\/ersgroupaluminyum.com.tr\/wp-content\/uploads\/2024\/08\/shape-3-1.png\" alt=\"\"\/>\r\n\t\t\t\t<\/div>\r\n\t\t<div class=\"building-shape float-bob-x\">\r\n\t\t   \r\n\t\t\t<img decoding=\"async\" src=\"https:\/\/ersgroupaluminyum.com.tr\/wp-content\/uploads\/2024\/08\/shape-4.png\" alt=\"\"\/>\r\n\t\t\t\t<\/div>\r\n\t\t<div class=\"testimonial-image\">\r\n\t\t   \r\n\t\t\t<img decoding=\"async\" src=\"https:\/\/ersgroupaluminyum.com.tr\/wp-content\/uploads\/2024\/08\/testimonial-image.jpg\" alt=\"\"\/>\r\n\t\t\t\t<\/div>\r\n\t\t<div class=\"container\">\r\n\t\t\t<div class=\"testimonial-wrapper\">\r\n\t\t\t\t<div class=\"row g-4\">\r\n\t\t\t\t\t<div class=\"col-lg-7\">\r\n\t\t\t\t\t\t<div class=\"testimonial-content\">\r\n\t\t\t\t\t\t\t\t\t\t\t\t\t\t<div class=\"section-title\">\r\n\t\t\t\t\t\t\t\t<h6 class=\"wow fadeInUp\"><i class=\"fa-sharp fa-solid fa-hammer me-2\"><\/i>ERS GROUP<\/h6>\r\n\t\t\t\t\t\t\t\t<h2 class=\"text-white wow fadeInUp\" data-wow-delay=\".3s\">Referans Yorumlar\u0131m\u0131z <br> <\/h2>\r\n\t\t\t\t\t\t\t<\/div>\r\n\t\t\t\t\t\t\t\t\t\t\t\t\t\t<div class=\"swiper testimonial-slider mt-3 mt-md-0\">\r\n\t\t\t\t\t\t\t\t<div class=\"swiper-wrapper\">\r\n\t\t\t\t\t\t\t\t\t\t\r\n\t\t\t\t\t\t\t\t\t<div class=\"swiper-slide\">\r\n\t\t\t\t\t\t\t\t\t\t<div class=\"testi-content\">\r\n\t\t\t\t\t\t\t\t\t\t\t<div class=\"icon\">\r\n\t\t\t\t\t\t\t\t\t\t\t\t<svg xmlns=\"http:\/\/www.w3.org\/2000\/svg\" width=\"32\" height=\"32\" viewBox=\"0 0 32 32\" fill=\"none\">\r\n\t\t\t\t\t\t\t\t\t\t\t\t\t<path d=\"M0 4V28L12 16V4H0Z\" fill=\"#F55B1F\"\/>\r\n\t\t\t\t\t\t\t\t\t\t\t\t\t<path d=\"M20 4V28L32 16V4H20Z\" fill=\"#F55B1F\"\/>\r\n\t\t\t\t\t\t\t\t\t\t\t\t<\/svg>\r\n\t\t\t\t\t\t\t\t\t\t\t\t<h4>\r\n\t\t\t\t\t\t\t\t\t\t\t\t\t\"ERS Group Al\u00fcminyum ile \u00e7al\u0131\u015fmak, projelerimize kalite ve estetik katt\u0131. \u00dcr\u00fcnlerinin dayan\u0131kl\u0131l\u0131\u011f\u0131 ve i\u015f\u00e7ilikleri ger\u00e7ekten takdire \u015fayan!\t\t\t\t\t\t\t\t\t\t\t\t<\/h4>\r\n\t\t\t\t\t\t\t\t\t\t\t<\/div>\r\n\t\t\t\t\t\t\t\t\t\t<\/div>\r\n\t\t\t\t\t\t\t\t\t<\/div>\r\n\t\t\t\t\t\t\t\t\t\t\r\n\t\t\t\t\t\t\t\t\t<div class=\"swiper-slide\">\r\n\t\t\t\t\t\t\t\t\t\t<div class=\"testi-content\">\r\n\t\t\t\t\t\t\t\t\t\t\t<div class=\"icon\">\r\n\t\t\t\t\t\t\t\t\t\t\t\t<svg xmlns=\"http:\/\/www.w3.org\/2000\/svg\" width=\"32\" height=\"32\" viewBox=\"0 0 32 32\" fill=\"none\">\r\n\t\t\t\t\t\t\t\t\t\t\t\t\t<path d=\"M0 4V28L12 16V4H0Z\" fill=\"#F55B1F\"\/>\r\n\t\t\t\t\t\t\t\t\t\t\t\t\t<path d=\"M20 4V28L32 16V4H20Z\" fill=\"#F55B1F\"\/>\r\n\t\t\t\t\t\t\t\t\t\t\t\t<\/svg>\r\n\t\t\t\t\t\t\t\t\t\t\t\t<h4>\r\n\t\t\t\t\t\t\t\t\t\t\t\t\tProjelerimizde ERS Group Al\u00fcminyum\u2019un \u00e7\u00f6z\u00fcmlerini tercih ettik ve her seferinde h\u0131zl\u0131, profesyonel bir hizmet ald\u0131k. Kesinlikle tavsiye ederiz!\t\t\t\t\t\t\t\t\t\t\t\t<\/h4>\r\n\t\t\t\t\t\t\t\t\t\t\t<\/div>\r\n\t\t\t\t\t\t\t\t\t\t<\/div>\r\n\t\t\t\t\t\t\t\t\t<\/div>\r\n\t\t\t\t\t\t\t\t\t\t\r\n\t\t\t\t\t\t\t\t\t<div class=\"swiper-slide\">\r\n\t\t\t\t\t\t\t\t\t\t<div class=\"testi-content\">\r\n\t\t\t\t\t\t\t\t\t\t\t<div class=\"icon\">\r\n\t\t\t\t\t\t\t\t\t\t\t\t<svg xmlns=\"http:\/\/www.w3.org\/2000\/svg\" width=\"32\" height=\"32\" viewBox=\"0 0 32 32\" fill=\"none\">\r\n\t\t\t\t\t\t\t\t\t\t\t\t\t<path d=\"M0 4V28L12 16V4H0Z\" fill=\"#F55B1F\"\/>\r\n\t\t\t\t\t\t\t\t\t\t\t\t\t<path d=\"M20 4V28L32 16V4H20Z\" fill=\"#F55B1F\"\/>\r\n\t\t\t\t\t\t\t\t\t\t\t\t<\/svg>\r\n\t\t\t\t\t\t\t\t\t\t\t\t<h4>\r\n\t\t\t\t\t\t\t\t\t\t\t\t\tERS Group Al\u00fcminyum, hem zaman\u0131nda teslimat hem de m\u00fckemmel \u00fcr\u00fcn kalitesi ile bizi fazlas\u0131yla memnun etti. \u0130\u015fbirli\u011fimizden \u00e7ok memnunuz!\t\t\t\t\t\t\t\t\t\t\t\t<\/h4>\r\n\t\t\t\t\t\t\t\t\t\t\t<\/div>\r\n\t\t\t\t\t\t\t\t\t\t<\/div>\r\n\t\t\t\t\t\t\t\t\t<\/div>\r\n\t\t\t\t\t\t\t\t\t\t\t\t\t\t\t\t\t<\/div>\r\n\t\t\t\t\t\t\t<\/div>\r\n\t\t\t\t\t\t\t<div class=\"client-img-items\">\r\n\t\t\t\t\t\t\t\t<div class=\"client-image-area\">\r\n\t\t\t\t\t\t\t\t\t\t\r\n\t\t\t\t\t\t\t\t\t<div class=\"client-img\">\r\n\t\t\t\t\t\t\t\t\t\t\t\t\t\t\t\t\t\t\t<img decoding=\"async\" src=\"https:\/\/ersgroupaluminyum.com.tr\/wp-content\/uploads\/2024\/08\/client-4.png\" alt=\"\">\r\n\t\t\t\t\t\t\t\t\t\t\t\t\t\t\t\t\t\t<\/div>\r\n\t\t\t\t\t\t\t\t\t\t\r\n\t\t\t\t\t\t\t\t\t<div class=\"client-img\">\r\n\t\t\t\t\t\t\t\t\t\t\t\t\t\t\t\t\t\t\t<img decoding=\"async\" src=\"https:\/\/ersgroupaluminyum.com.tr\/wp-content\/uploads\/2024\/08\/client-5.png\" alt=\"\">\r\n\t\t\t\t\t\t\t\t\t\t\t\t\t\t\t\t\t\t<\/div>\r\n\t\t\t\t\t\t\t\t\t\t\r\n\t\t\t\t\t\t\t\t\t<div class=\"client-img\">\r\n\t\t\t\t\t\t\t\t\t\t\t\t\t\t\t\t\t\t\t<img decoding=\"async\" src=\"https:\/\/ersgroupaluminyum.com.tr\/wp-content\/uploads\/2024\/08\/client-4.png\" alt=\"\">\r\n\t\t\t\t\t\t\t\t\t\t\t\t\t\t\t\t\t\t<\/div>\r\n\t\t\t\t\t\t\t\t\t\t\t\t\t\t\t\t\t<\/div>\r\n\t\t\t\t\t\t\t\t<div class=\"array-button\">\r\n\t\t\t\t\t\t\t\t\t<button class=\"array-prev\"><i class=\"fa-solid fa-arrow-left-long\"><\/i><\/button>\r\n\t\t\t\t\t\t\t\t\t<button class=\"array-next\"><i class=\"fa-solid fa-arrow-right-long\"><\/i><\/button>\r\n\t\t\t\t\t\t\t\t<\/div>\r\n\t\t\t\t\t\t\t<\/div>\r\n\t\t\t\t\t\t<\/div>\r\n\t\t\t\t\t<\/div>\r\n\t\t\t\t\t<div class=\"col-lg-6\"><\/div>\r\n\t\t\t\t<\/div>\r\n\t\t\t<\/div>\r\n\t\t<\/div>\r\n\t<\/section>\r\n\r\n\t\t\r\n\r\n             \r\n\t\t\t\t<\/div>\n\t\t\t\t<\/div>\n\t\t\t\t<\/div>\n\t\t\t\t<\/div>\n\t\t","protected":false},"excerpt":{"rendered":"<p>ERS GROUP Referans Yorumlar\u0131m\u0131z &nbsp; &#8220;ERS Group Al\u00fcminyum ile \u00e7al\u0131\u015fmak, projelerimize kalite ve estetik katt\u0131. \u00dcr\u00fcnlerinin dayan\u0131kl\u0131l\u0131\u011f\u0131 ve i\u015f\u00e7ilikleri ger\u00e7ekten takdire \u015fayan! &nbsp; Projelerimizde ERS Group Al\u00fcminyum\u2019un \u00e7\u00f6z\u00fcmlerini tercih ettik ve her seferinde h\u0131zl\u0131, profesyonel bir hizmet ald\u0131k. Kesinlikle tavsiye ederiz! &nbsp; ERS Group Al\u00fcminyum, hem zaman\u0131nda teslimat hem de m\u00fckemmel \u00fcr\u00fcn kalitesi ile bizi<\/p>\n","protected":false},"author":1,"featured_media":0,"parent":0,"menu_order":0,"comment_status":"closed","ping_status":"closed","template":"elementor_header_footer","meta":{"inline_featured_image":false,"footnotes":""},"class_list":["post-1063","page","type-page","status-publish","hentry"],"_links":{"self":[{"href":"https:\/\/ersgroupaluminyum.com.tr\/index.php\/wp-json\/wp\/v2\/pages\/1063","targetHints":{"allow":["GET"]}}],"collection":[{"href":"https:\/\/ersgroupaluminyum.com.tr\/index.php\/wp-json\/wp\/v2\/pages"}],"about":[{"href":"https:\/\/ersgroupaluminyum.com.tr\/index.php\/wp-json\/wp\/v2\/types\/page"}],"author":[{"embeddable":true,"href":"https:\/\/ersgroupaluminyum.com.tr\/index.php\/wp-json\/wp\/v2\/users\/1"}],"replies":[{"embeddable":true,"href":"https:\/\/ersgroupaluminyum.com.tr\/index.php\/wp-json\/wp\/v2\/comments?post=1063"}],"version-history":[{"count":69,"href":"https:\/\/ersgroupaluminyum.com.tr\/index.php\/wp-json\/wp\/v2\/pages\/1063\/revisions"}],"predecessor-version":[{"id":3725,"href":"https:\/\/ersgroupaluminyum.com.tr\/index.php\/wp-json\/wp\/v2\/pages\/1063\/revisions\/3725"}],"wp:attachment":[{"href":"https:\/\/ersgroupaluminyum.com.tr\/index.php\/wp-json\/wp\/v2\/media?parent=1063"}],"curies":[{"name":"wp","href":"https:\/\/api.w.org\/{rel}","templated":true}]}}